{"id":8009,"date":"2019-02-18T14:34:06","date_gmt":"2019-02-18T13:34:06","guid":{"rendered":"https:\/\/www.folamour.fr\/home\/"},"modified":"2023-04-05T18:22:29","modified_gmt":"2023-04-05T16:22:29","slug":"home","status":"publish","type":"page","link":"https:\/\/www.folamour.fr\/en\/","title":{"rendered":"Home"},"content":{"rendered":"[vc_row content_placement=&#8221;middle&#8221; css=&#8221;.vc_custom_1555518950478{margin-top: 30px !important;}&#8221;][vc_column css=&#8221;.vc_custom_1478179975995{margin-bottom: 0px !important;padding-top: 0px !important;}&#8221;][rev_slider_vc alias=&#8221;test&#8221;][vc_row_inner css=&#8221;.vc_custom_1555514343560{margin-top: 20px !important;}&#8221;][vc_column_inner][vc_icon icon_fontawesome=&#8221;fa fa-chevron-circle-down&#8221; color=&#8221;custom&#8221; size=&#8221;lg&#8221; align=&#8221;center&#8221; link=&#8221;url:%23actus|||&#8221; custom_color=&#8221;rgba(0,0,0,0.5)&#8221;][\/vc_column_inner][\/vc_row_inner][\/vc_column][\/vc_row][vc_row full_width=&#8221;stretch_row&#8221; el_id=&#8221;actus&#8221;][vc_column css=&#8221;.vc_custom_1478168276850{padding-top: 0px !important;}&#8221;][\/vc_column][\/vc_row][vc_row full_width=&#8221;stretch_row&#8221;][vc_column css=&#8221;.vc_custom_1478168276850{padding-top: 0px !important;}&#8221;][vc_empty_space height=&#8221;100px&#8221; el_class=&#8221;arg-spacer&#8221;]<div  class=\"heading-wrapper text-center\"  >\n\t\n\t<h3 class=\"second-title text-center\">Our latest news<\/h3>\n\n\t\n\t\n\t\t\t<p class=\"subtitle\">To discover<\/p>\n\t<\/div>\t\n\n[vc_empty_space height=&#8221;10px&#8221;]<div class=\"vc_row blog-posts-masonry\" id=\"argenta-custom-69fde11a708ae\">\n\t<div class=\" vc_col-lg-4 vc_col-md-4 vc_col-sm-6 vc_col-xs-12 grid-item blog-post-masonry post-offset\"><article class=\"blog-item blog-item-boxed\" data-aos=\"fade-up\" data-aos-once=\"true\">\n\t<div class=\"blog-item-image-wrap\">\n\t\t\t\t<a href=\"https:\/\/www.folamour.fr\/en\/2024\/09\/04\/grand-ensemble-in-post-production\/\">\n\t\t\t<img decoding=\"async\" class=\"full-width\" src=\"https:\/\/www.folamour.fr\/wp-content\/uploads\/2024\/09\/visuel-724x1024.png\" alt=\"THE COUNCIL ESTATE - COMING SOON ON FRANCE.TV\">\n\t\t<\/a>\n\t\t\t<\/div>\n\n\t<div class=\"blog-item-content\">\n\n\t\t\t\t<div class=\"category\">\n\t\t\t\t\t\t\t<a class=\"brand-border-color brand-color\" href=\"https:\/\/www.folamour.fr\/en\/category\/en-cours-en\/\">\n\t\t\t\t\tEn Cours\t\t\t\t<\/a>\n\t\t\t\t\t\t\t<a class=\"brand-border-color brand-color\" href=\"https:\/\/www.folamour.fr\/en\/category\/tv-en\/\">\n\t\t\t\t\tTV\t\t\t\t<\/a>\n\t\t\t\t\t<\/div>\n\t\t\n\t\t\n\t\t\n\t\t\t<h3 class=\"title text-left\">\n\t\t\t\t<a href=\"https:\/\/www.folamour.fr\/en\/2024\/09\/04\/grand-ensemble-in-post-production\/\">THE COUNCIL ESTATE - COMING SOON ON FRANCE.TV<\/a>\n\t\t\t<\/h3>\n         \n\t\t\t\t<p>THE COUNCIL ESTATE A film by Sylvain Desmille Coming soon on France.tv Through an impressive collection of postcards and the emblematic story of one of its inhabitants, this archival-driven narrative explores the rise and fall of the \u201cgrands ensembles.\u201d After the war, these large housing projects were the architectural and social pride of the post-war [&hellip;]<\/p>\n\t\t\n\t\t\n\t<\/div>\n\n\t<footer class=\"item-footer\">\n\t\t\t\t\n\t\t\t\t<div class=\"right\">\n\t\t\t\n\t\t<\/div>\n\t\t\t<\/footer>\n\n<\/article><div class=\"clear\"><\/div><\/div><div class=\" vc_col-lg-4 vc_col-md-4 vc_col-sm-6 vc_col-xs-12 grid-item blog-post-masonry post-offset\"><article class=\"blog-item blog-item-boxed\" data-aos=\"fade-up\" data-aos-once=\"true\">\n\t<div class=\"blog-item-image-wrap\">\n\t\t\t\t<a href=\"https:\/\/www.folamour.fr\/en\/2024\/09\/04\/once-upon-a-time-boy-from-heaven-coming-soon-on-arte\/\">\n\t\t\t<img decoding=\"async\" class=\"full-width\" src=\"https:\/\/www.folamour.fr\/wp-content\/uploads\/2024\/09\/Affiche-VA-737x1024.jpg\" alt=\"THE INNER ODYSSEUS OF JAMES GRAY - COMING SOON ON CIN\u00c9 +\">\n\t\t<\/a>\n\t\t\t<\/div>\n\n\t<div class=\"blog-item-content\">\n\n\t\t\t\t<div class=\"category\">\n\t\t\t\t\t\t\t<a class=\"brand-border-color brand-color\" href=\"https:\/\/www.folamour.fr\/en\/category\/en-cours-en\/\">\n\t\t\t\t\tEn Cours\t\t\t\t<\/a>\n\t\t\t\t\t\t\t<a class=\"brand-border-color brand-color\" href=\"https:\/\/www.folamour.fr\/en\/category\/tv-en\/\">\n\t\t\t\t\tTV\t\t\t\t<\/a>\n\t\t\t\t\t<\/div>\n\t\t\n\t\t\n\t\t\n\t\t\t<h3 class=\"title text-left\">\n\t\t\t\t<a href=\"https:\/\/www.folamour.fr\/en\/2024\/09\/04\/once-upon-a-time-boy-from-heaven-coming-soon-on-arte\/\">THE INNER ODYSSEUS OF JAMES GRAY - COMING SOON ON CIN\u00c9 +<\/a>\n\t\t\t<\/h3>\n         \n\t\t\t\t<p>The Inner Odysseus of James Gray A film by Claire Duguet Coming soon on Cin\u00e9 + Aged 55, James Gray is one of the leading figures of the new generation of American independent cinema. From Little Odessa to Armageddon Time, in just eight films, he has explored a wide range of genres, including crime, science [&hellip;]<\/p>\n\t\t\n\t\t\n\t<\/div>\n\n\t<footer class=\"item-footer\">\n\t\t\t\t\n\t\t\t\t<div class=\"right\">\n\t\t\t\n\t\t<\/div>\n\t\t\t<\/footer>\n\n<\/article><div class=\"clear\"><\/div><\/div><div class=\" vc_col-lg-4 vc_col-md-4 vc_col-sm-6 vc_col-xs-12 grid-item blog-post-masonry post-offset\"><article class=\"blog-item blog-item-boxed\" data-aos=\"fade-up\" data-aos-once=\"true\">\n\t<div class=\"blog-item-image-wrap\">\n\t\t\t\t<a href=\"https:\/\/www.folamour.fr\/en\/2024\/09\/04\/nils-frahm-live-at-la-philharmonie-de-paris\/\">\n\t\t\t<img decoding=\"async\" class=\"full-width\" src=\"https:\/\/www.folamour.fr\/wp-content\/uploads\/2024\/08\/visuel-724x1024.png\" alt=\"NILS FRAHM - LIVE AT LA PHILHARMONIE DE PARIS\">\n\t\t<\/a>\n\t\t\t<\/div>\n\n\t<div class=\"blog-item-content\">\n\n\t\t\t\t<div class=\"category\">\n\t\t\t\t\t\t\t<a class=\"brand-border-color brand-color\" href=\"https:\/\/www.folamour.fr\/en\/category\/en-cours-en\/\">\n\t\t\t\t\tEn Cours\t\t\t\t<\/a>\n\t\t\t\t\t\t\t<a class=\"brand-border-color brand-color\" href=\"https:\/\/www.folamour.fr\/en\/category\/tv-en\/\">\n\t\t\t\t\tTV\t\t\t\t<\/a>\n\t\t\t\t\t<\/div>\n\t\t\n\t\t\n\t\t\n\t\t\t<h3 class=\"title text-left\">\n\t\t\t\t<a href=\"https:\/\/www.folamour.fr\/en\/2024\/09\/04\/nils-frahm-live-at-la-philharmonie-de-paris\/\">NILS FRAHM - LIVE AT LA PHILHARMONIE DE PARIS<\/a>\n\t\t\t<\/h3>\n         \n\t\t\t\t<p>NILS FRAHM &#8211; LIVE AT LA PHILHARMONIE DE PARIS At the helm of a spectacular setup combining keyboard instruments and machines, German explorer Nils Frahm \u2014 who navigates between neoclassical and electronic music \u2014 embarks on an infinitely moving odyssey, at times ethereal, at times danceable. Available on website of Arte and on Youtube<\/p>\n\t\t\n\t\t\n\t<\/div>\n\n\t<footer class=\"item-footer\">\n\t\t\t\t\n\t\t\t\t<div class=\"right\">\n\t\t\t\n\t\t<\/div>\n\t\t\t<\/footer>\n\n<\/article><div class=\"clear\"><\/div><\/div><\/div>\n\n[vc_empty_space height=&#8221;110px&#8221; el_class=&#8221;arg-spacer&#8221;][\/vc_column][\/vc_row][vc_row full_width=&#8221;stretch_row&#8221;][vc_column css=&#8221;.vc_custom_1478168276850{padding-top: 0px !important;}&#8221;]<div id=\"argenta-custom-69fde11a7444f\"  class=\"heading-wrapper text-center\"  >\n\t\n\t<h3 class=\"second-title text-center\">Come and meet us !<\/h3>\n\n\t\n\t\t<div class=\"divider-solid\"><div class=\"divider-line\"><\/div><\/div>\t\n\t\t\t<p class=\"subtitle\"><\/p>\n\t<\/div>\t\n\n[vc_empty_space height=&#8221;20px&#8221;][\/vc_column][\/vc_row][vc_row equal_height=&#8221;yes&#8221; css=&#8221;.vc_custom_1555491489048{background-color: #f3f3f3 !important;}&#8221;][vc_column width=&#8221;1\/2&#8243; css=&#8221;.vc_custom_1555487711267{padding-top: 0px !important;}&#8221; el_class=&#8221;phone-empty-block&#8221;]<div class=\"google-maps\" id=\"argenta-custom-69fde11a74875\" data-google-map=\"true\" data-google-map-zoom=\"16\"\n\tdata-google-map-zoom-enable=\"1\" data-google-map-marker=\"\" data-google-map-style=\"default\">\n\t<div class=\"google-maps-wrap\"><\/div>\n\t<div class=\"hidden\" data-google-map-markers=\"true\">48.8638249,2.358597199999963<\/div>\n<\/div>\n\n[\/vc_column][vc_column width=&#8221;1\/2&#8243; css=&#8221;.vc_custom_1555487783760{border-right-width: 2px !important;padding-top: 0px !important;padding-right: 12% !important;padding-bottom: 0px !important;padding-left: 12% !important;background-color: #f3f3f3 !important;border-right-color: #ffffff !important;border-right-style: solid !important;}&#8221;][vc_empty_space height=&#8221;90px&#8221; el_class=&#8221;arg-spacer&#8221;]<div id=\"argenta-custom-69fde11a74975\"  class=\"heading-wrapper text-left\"  >\n\t\t\t<p class=\"subtitle\">A project ?<\/p>\n\t\n\t<h3 class=\"second-title text-left\">Let's talk about it<\/h3>\n\n\t\n\t\n\t<\/div>\t\n\n[vc_empty_space height=&#8221;20px&#8221;]\t<ul class=\"list-box-icon contact-module list-box-border-items-offset\">\n\t\n\t\t<li id=\"argenta-custom-69fde11a74b50\">\n\n\t<span class=\"icon my-icon-gen-home\"><\/span>\n\t\t<h4 class=\"title\">Adress :<\/h4>\n\t\t<address>3, PASSAGE GUSTAVE LEPEU 75011 PARIS<\/address>\t\n\n<\/li>\n\n<li id=\"argenta-custom-69fde11a74c58\">\n\n\t<span class=\"icon my-icon-ema-email\"><\/span>\n\t\t<h4 class=\"title\">E-mail :<\/h4>\n\t\t<address>contact@folamour.fr<\/address>\t\n\n<\/li>\n\n<li id=\"argenta-custom-69fde11a74cb7\">\n\n\t<span class=\"icon my-icon-tel-fixed-handset\"><\/span>\n\t\t<h4 class=\"title\">Phone number :<\/h4>\n\t\t<address>+33 1 40 33 33 80<\/address>\t\n\n<\/li>\n\n\n\t<\/ul>[vc_empty_space height=&#8221;90px&#8221; el_class=&#8221;arg-spacer&#8221;][\/vc_column][\/vc_row][vc_row equal_height=&#8221;yes&#8221; css=&#8221;.vc_custom_1555492053960{margin-bottom: 20px !important;}&#8221;][vc_column width=&#8221;1\/2&#8243; css=&#8221;.vc_custom_1555491553674{padding-top: 0px !important;padding-right: 12% !important;padding-left: 12% !important;}&#8221; el_class=&#8221;phone-empty-block&#8221;][vc_empty_space height=&#8221;90px&#8221; el_class=&#8221;arg-spacer&#8221;]<div id=\"argenta-custom-69fde11a74d14\"  class=\"heading-wrapper text-left\"  >\n\t\t\t<p class=\"subtitle\">A project ?<\/p>\n\t\n\t<h3 class=\"second-title text-left\">Contact us<\/h3>\n\n\t\n\t\n\t<\/div>\t\n\n[vc_empty_space height=&#8221;20px&#8221;]<div class=\"contact-form text-left\" data-button-classes=\"\" id=\"argenta-custom-69fde11a74d7a\"  >\n\n\t\n<div class=\"wpcf7 no-js\" id=\"wpcf7-f737-o1\" lang=\"en-US\" dir=\"ltr\" data-wpcf7-id=\"737\">\n<div class=\"screen-reader-response\"><p role=\"status\" aria-live=\"polite\" aria-atomic=\"true\"><\/p> <ul><\/ul><\/div>\n<form action=\"\/en\/wp-json\/wp\/v2\/pages\/8009#wpcf7-f737-o1\" method=\"post\" class=\"wpcf7-form init\" aria-label=\"Contact form\" novalidate=\"novalidate\" data-status=\"init\">\n<fieldset class=\"hidden-fields-container\"><input type=\"hidden\" name=\"_wpcf7\" value=\"737\" \/><input type=\"hidden\" name=\"_wpcf7_version\" value=\"6.1.5\" \/><input type=\"hidden\" name=\"_wpcf7_locale\" value=\"en_US\" \/><input type=\"hidden\" name=\"_wpcf7_unit_tag\" value=\"wpcf7-f737-o1\" \/><input type=\"hidden\" name=\"_wpcf7_container_post\" value=\"0\" \/><input type=\"hidden\" name=\"_wpcf7_posted_data_hash\" value=\"\" \/><input type=\"hidden\" name=\"_wpcf7_recaptcha_response\" value=\"\" \/>\n<\/fieldset>\n<div class=\"input-group\">\n\t<p><label class=\"col-12\"><span class=\"wpcf7-form-control-wrap\" data-name=\"your-name\"><input size=\"40\" maxlength=\"400\" class=\"wpcf7-form-control wpcf7-text wpcf7-validates-as-required\" aria-required=\"true\" aria-invalid=\"false\" placeholder=\"Nom*\" value=\"\" type=\"text\" name=\"your-name\" \/><\/span><\/label>\n\t<\/p>\n<\/div>\n<div class=\"input-group\">\n\t<p><label class=\"col-12\"><span class=\"wpcf7-form-control-wrap\" data-name=\"your-email\"><input size=\"40\" maxlength=\"400\" class=\"wpcf7-form-control wpcf7-email wpcf7-validates-as-required wpcf7-text wpcf7-validates-as-email\" aria-required=\"true\" aria-invalid=\"false\" placeholder=\"E-mail*\" value=\"\" type=\"email\" name=\"your-email\" \/><\/span><\/label>\n\t<\/p>\n<\/div>\n<p><label> <span class=\"wpcf7-form-control-wrap\" data-name=\"your-message\"><textarea cols=\"40\" rows=\"10\" maxlength=\"2000\" class=\"wpcf7-form-control wpcf7-textarea\" aria-invalid=\"false\" placeholder=\"Message\" name=\"your-message\"><\/textarea><\/span> <\/label>\n<\/p>\n<p><button class=\"btn\"><span class=\"btn-load\"><\/span>Envoyer<\/button>\n<\/p><div class=\"wpcf7-response-output\" aria-hidden=\"true\"><\/div>\n<\/form>\n<\/div>\n\n<\/div>\n\n[vc_empty_space height=&#8221;90px&#8221; el_class=&#8221;arg-spacer&#8221;][\/vc_column][vc_column width=&#8221;1\/2&#8243; css=&#8221;.vc_custom_1680711702582{border-right-width: 2px !important;padding-top: 0px !important;padding-right: 12% !important;padding-bottom: 0px !important;padding-left: 12% !important;background: #f3f3f3 url(https:\/\/www.folamour.fr\/wp-content\/uploads\/2022\/06\/IMG_0197-scaled.jpg?id=11015) !important;background-position: center !important;background-repeat: no-repeat !important;background-size: cover !important;border-right-color: #ffffff !important;border-right-style: solid !important;}&#8221;][\/vc_column][\/vc_row]\n","protected":false},"excerpt":{"rendered":"<p>[vc_row content_placement=&#8221;middle&#8221; css=&#8221;.vc_custom_1555518950478{margin-top: 30px !important;}&#8221;][vc_column css=&#8221;.vc_custom_1478179975995{margin-bottom: 0px !important;padding-top: 0px !important;}&#8221;][rev_slider_vc alias=&#8221;test&#8221;][vc_row_inner css=&#8221;.vc_custom_1555514343560{margin-top: 20px !important;}&#8221;][vc_column_inner][vc_icon icon_fontawesome=&#8221;fa fa-chevron-circle-down&#8221; color=&#8221;custom&#8221; size=&#8221;lg&#8221; align=&#8221;center&#8221; link=&#8221;url:%23actus|||&#8221; custom_color=&#8221;rgba(0,0,0,0.5)&#8221;][\/vc_column_inner][\/vc_row_inner][\/vc_column][\/vc_row][vc_row full_width=&#8221;stretch_row&#8221; el_id=&#8221;actus&#8221;][vc_column css=&#8221;.vc_custom_1478168276850{padding-top: 0px !important;}&#8221;][\/vc_column][\/vc_row][vc_row full_width=&#8221;stretch_row&#8221;][vc_column css=&#8221;.vc_custom_1478168276850{padding-top: 0px !important;}&#8221;][vc_empty_space height=&#8221;100px&#8221; el_class=&#8221;arg-spacer&#8221;][vc_empty_space height=&#8221;10px&#8221;][vc_empty_space height=&#8221;110px&#8221; el_class=&#8221;arg-spacer&#8221;][\/vc_column][\/vc_row][vc_row full_width=&#8221;stretch_row&#8221;][vc_column css=&#8221;.vc_custom_1478168276850{padding-top: 0px !important;}&#8221;][vc_empty_space height=&#8221;20px&#8221;][\/vc_column][\/vc_row][vc_row equal_height=&#8221;yes&#8221; css=&#8221;.vc_custom_1555491489048{background-color: #f3f3f3 !important;}&#8221;][vc_column width=&#8221;1\/2&#8243; css=&#8221;.vc_custom_1555487711267{padding-top: 0px !important;}&#8221; el_class=&#8221;phone-empty-block&#8221;][\/vc_column][vc_column width=&#8221;1\/2&#8243; css=&#8221;.vc_custom_1555487783760{border-right-width: 2px !important;padding-top: 0px !important;padding-right: [&hellip;]<\/p>\n","protected":false},"author":2,"featured_media":0,"parent":0,"menu_order":0,"comment_status":"closed","ping_status":"closed","template":"page-templates\/page_without-sidebar.php","meta":{"_acf_changed":false,"footnotes":""},"class_list":["post-8009","page","type-page","status-publish","hentry"],"acf":[],"yoast_head":"<!-- This site is optimized with the Yoast SEO plugin v27.5 - https:\/\/yoast.com\/product\/yoast-seo-wordpress\/ -->\n<title>Home - Folamour Productions<\/title>\n<meta name=\"robots\" content=\"index, follow, max-snippet:-1, max-image-preview:large, max-video-preview:-1\" \/>\n<link rel=\"canonical\" href=\"https:\/\/www.folamour.fr\/en\/\" \/>\n<meta property=\"og:locale\" content=\"en_US\" \/>\n<meta property=\"og:type\" content=\"article\" \/>\n<meta property=\"og:title\" content=\"Home - Folamour Productions\" \/>\n<meta property=\"og:description\" content=\"[vc_row content_placement=&#8221;middle&#8221; css=&#8221;.vc_custom_1555518950478{margin-top: 30px !important;}&#8221;][vc_column css=&#8221;.vc_custom_1478179975995{margin-bottom: 0px !important;padding-top: 0px !important;}&#8221;][rev_slider_vc alias=&#8221;test&#8221;][vc_row_inner css=&#8221;.vc_custom_1555514343560{margin-top: 20px !important;}&#8221;][vc_column_inner][vc_icon icon_fontawesome=&#8221;fa fa-chevron-circle-down&#8221; color=&#8221;custom&#8221; size=&#8221;lg&#8221; align=&#8221;center&#8221; link=&#8221;url:%23actus|||&#8221; custom_color=&#8221;rgba(0,0,0,0.5)&#8221;][\/vc_column_inner][\/vc_row_inner][\/vc_column][\/vc_row][vc_row full_width=&#8221;stretch_row&#8221; el_id=&#8221;actus&#8221;][vc_column css=&#8221;.vc_custom_1478168276850{padding-top: 0px !important;}&#8221;][\/vc_column][\/vc_row][vc_row full_width=&#8221;stretch_row&#8221;][vc_column css=&#8221;.vc_custom_1478168276850{padding-top: 0px !important;}&#8221;][vc_empty_space height=&#8221;100px&#8221; el_class=&#8221;arg-spacer&#8221;][vc_empty_space height=&#8221;10px&#8221;][vc_empty_space height=&#8221;110px&#8221; el_class=&#8221;arg-spacer&#8221;][\/vc_column][\/vc_row][vc_row full_width=&#8221;stretch_row&#8221;][vc_column css=&#8221;.vc_custom_1478168276850{padding-top: 0px !important;}&#8221;][vc_empty_space height=&#8221;20px&#8221;][\/vc_column][\/vc_row][vc_row equal_height=&#8221;yes&#8221; css=&#8221;.vc_custom_1555491489048{background-color: #f3f3f3 !important;}&#8221;][vc_column width=&#8221;1\/2&#8243; css=&#8221;.vc_custom_1555487711267{padding-top: 0px !important;}&#8221; el_class=&#8221;phone-empty-block&#8221;][\/vc_column][vc_column width=&#8221;1\/2&#8243; css=&#8221;.vc_custom_1555487783760{border-right-width: 2px !important;padding-top: 0px !important;padding-right: [&hellip;]\" \/>\n<meta property=\"og:url\" content=\"https:\/\/www.folamour.fr\/en\/\" \/>\n<meta property=\"og:site_name\" content=\"Folamour Productions\" \/>\n<meta property=\"article:modified_time\" content=\"2023-04-05T16:22:29+00:00\" \/>\n<meta name=\"twitter:card\" content=\"summary_large_image\" \/>\n<meta name=\"twitter:label1\" content=\"Est. reading time\" \/>\n\t<meta name=\"twitter:data1\" content=\"2 minutes\" \/>\n<script type=\"application\/ld+json\" class=\"yoast-schema-graph\">{\"@context\":\"https:\\\/\\\/schema.org\",\"@graph\":[{\"@type\":\"WebPage\",\"@id\":\"https:\\\/\\\/www.folamour.fr\\\/en\\\/\",\"url\":\"https:\\\/\\\/www.folamour.fr\\\/en\\\/\",\"name\":\"Home - Folamour Productions\",\"isPartOf\":{\"@id\":\"https:\\\/\\\/www.folamour.fr\\\/en\\\/#website\"},\"datePublished\":\"2019-02-18T13:34:06+00:00\",\"dateModified\":\"2023-04-05T16:22:29+00:00\",\"breadcrumb\":{\"@id\":\"https:\\\/\\\/www.folamour.fr\\\/en\\\/#breadcrumb\"},\"inLanguage\":\"en-US\",\"potentialAction\":[{\"@type\":\"ReadAction\",\"target\":[\"https:\\\/\\\/www.folamour.fr\\\/en\\\/\"]}]},{\"@type\":\"BreadcrumbList\",\"@id\":\"https:\\\/\\\/www.folamour.fr\\\/en\\\/#breadcrumb\",\"itemListElement\":[{\"@type\":\"ListItem\",\"position\":1,\"name\":\"Accueil\",\"item\":\"https:\\\/\\\/www.folamour.fr\\\/en\\\/\"},{\"@type\":\"ListItem\",\"position\":2,\"name\":\"Home\"}]},{\"@type\":\"WebSite\",\"@id\":\"https:\\\/\\\/www.folamour.fr\\\/en\\\/#website\",\"url\":\"https:\\\/\\\/www.folamour.fr\\\/en\\\/\",\"name\":\"Folamour Productions\",\"description\":\"Soci\u00e9t\u00e9 de productions audiovisuelles et cin\u00e9matographique\",\"potentialAction\":[{\"@type\":\"SearchAction\",\"target\":{\"@type\":\"EntryPoint\",\"urlTemplate\":\"https:\\\/\\\/www.folamour.fr\\\/en\\\/?s={search_term_string}\"},\"query-input\":{\"@type\":\"PropertyValueSpecification\",\"valueRequired\":true,\"valueName\":\"search_term_string\"}}],\"inLanguage\":\"en-US\"}]}<\/script>\n<!-- \/ Yoast SEO plugin. -->","yoast_head_json":{"title":"Home - Folamour Productions","robots":{"index":"index","follow":"follow","max-snippet":"max-snippet:-1","max-image-preview":"max-image-preview:large","max-video-preview":"max-video-preview:-1"},"canonical":"https:\/\/www.folamour.fr\/en\/","og_locale":"en_US","og_type":"article","og_title":"Home - Folamour Productions","og_description":"[vc_row content_placement=&#8221;middle&#8221; css=&#8221;.vc_custom_1555518950478{margin-top: 30px !important;}&#8221;][vc_column css=&#8221;.vc_custom_1478179975995{margin-bottom: 0px !important;padding-top: 0px !important;}&#8221;][rev_slider_vc alias=&#8221;test&#8221;][vc_row_inner css=&#8221;.vc_custom_1555514343560{margin-top: 20px !important;}&#8221;][vc_column_inner][vc_icon icon_fontawesome=&#8221;fa fa-chevron-circle-down&#8221; color=&#8221;custom&#8221; size=&#8221;lg&#8221; align=&#8221;center&#8221; link=&#8221;url:%23actus|||&#8221; custom_color=&#8221;rgba(0,0,0,0.5)&#8221;][\/vc_column_inner][\/vc_row_inner][\/vc_column][\/vc_row][vc_row full_width=&#8221;stretch_row&#8221; el_id=&#8221;actus&#8221;][vc_column css=&#8221;.vc_custom_1478168276850{padding-top: 0px !important;}&#8221;][\/vc_column][\/vc_row][vc_row full_width=&#8221;stretch_row&#8221;][vc_column css=&#8221;.vc_custom_1478168276850{padding-top: 0px !important;}&#8221;][vc_empty_space height=&#8221;100px&#8221; el_class=&#8221;arg-spacer&#8221;][vc_empty_space height=&#8221;10px&#8221;][vc_empty_space height=&#8221;110px&#8221; el_class=&#8221;arg-spacer&#8221;][\/vc_column][\/vc_row][vc_row full_width=&#8221;stretch_row&#8221;][vc_column css=&#8221;.vc_custom_1478168276850{padding-top: 0px !important;}&#8221;][vc_empty_space height=&#8221;20px&#8221;][\/vc_column][\/vc_row][vc_row equal_height=&#8221;yes&#8221; css=&#8221;.vc_custom_1555491489048{background-color: #f3f3f3 !important;}&#8221;][vc_column width=&#8221;1\/2&#8243; css=&#8221;.vc_custom_1555487711267{padding-top: 0px !important;}&#8221; el_class=&#8221;phone-empty-block&#8221;][\/vc_column][vc_column width=&#8221;1\/2&#8243; css=&#8221;.vc_custom_1555487783760{border-right-width: 2px !important;padding-top: 0px !important;padding-right: [&hellip;]","og_url":"https:\/\/www.folamour.fr\/en\/","og_site_name":"Folamour Productions","article_modified_time":"2023-04-05T16:22:29+00:00","twitter_card":"summary_large_image","twitter_misc":{"Est. reading time":"2 minutes"},"schema":{"@context":"https:\/\/schema.org","@graph":[{"@type":"WebPage","@id":"https:\/\/www.folamour.fr\/en\/","url":"https:\/\/www.folamour.fr\/en\/","name":"Home - Folamour Productions","isPartOf":{"@id":"https:\/\/www.folamour.fr\/en\/#website"},"datePublished":"2019-02-18T13:34:06+00:00","dateModified":"2023-04-05T16:22:29+00:00","breadcrumb":{"@id":"https:\/\/www.folamour.fr\/en\/#breadcrumb"},"inLanguage":"en-US","potentialAction":[{"@type":"ReadAction","target":["https:\/\/www.folamour.fr\/en\/"]}]},{"@type":"BreadcrumbList","@id":"https:\/\/www.folamour.fr\/en\/#breadcrumb","itemListElement":[{"@type":"ListItem","position":1,"name":"Accueil","item":"https:\/\/www.folamour.fr\/en\/"},{"@type":"ListItem","position":2,"name":"Home"}]},{"@type":"WebSite","@id":"https:\/\/www.folamour.fr\/en\/#website","url":"https:\/\/www.folamour.fr\/en\/","name":"Folamour Productions","description":"Soci\u00e9t\u00e9 de productions audiovisuelles et cin\u00e9matographique","potentialAction":[{"@type":"SearchAction","target":{"@type":"EntryPoint","urlTemplate":"https:\/\/www.folamour.fr\/en\/?s={search_term_string}"},"query-input":{"@type":"PropertyValueSpecification","valueRequired":true,"valueName":"search_term_string"}}],"inLanguage":"en-US"}]}},"_links":{"self":[{"href":"https:\/\/www.folamour.fr\/en\/wp-json\/wp\/v2\/pages\/8009","targetHints":{"allow":["GET"]}}],"collection":[{"href":"https:\/\/www.folamour.fr\/en\/wp-json\/wp\/v2\/pages"}],"about":[{"href":"https:\/\/www.folamour.fr\/en\/wp-json\/wp\/v2\/types\/page"}],"author":[{"embeddable":true,"href":"https:\/\/www.folamour.fr\/en\/wp-json\/wp\/v2\/users\/2"}],"replies":[{"embeddable":true,"href":"https:\/\/www.folamour.fr\/en\/wp-json\/wp\/v2\/comments?post=8009"}],"version-history":[{"count":4,"href":"https:\/\/www.folamour.fr\/en\/wp-json\/wp\/v2\/pages\/8009\/revisions"}],"predecessor-version":[{"id":11222,"href":"https:\/\/www.folamour.fr\/en\/wp-json\/wp\/v2\/pages\/8009\/revisions\/11222"}],"wp:attachment":[{"href":"https:\/\/www.folamour.fr\/en\/wp-json\/wp\/v2\/media?parent=8009"}],"curies":[{"name":"wp","href":"https:\/\/api.w.org\/{rel}","templated":true}]}}