{"id":7990,"date":"2019-02-18T15:29:28","date_gmt":"2019-02-18T14:29:28","guid":{"rendered":"https:\/\/www.folamour.fr\/en-cours\/"},"modified":"2025-01-22T15:22:53","modified_gmt":"2025-01-22T14:22:53","slug":"in-progress","status":"publish","type":"page","link":"https:\/\/www.folamour.fr\/en\/in-progress\/","title":{"rendered":"Upcoming films"},"content":{"rendered":"[vc_row full_width=&#8221;stretch_row&#8221; css=&#8221;.vc_custom_1550500095215{margin-top: 110px !important;background-color: #f3f3f3 !important;}&#8221;][vc_column css=&#8221;.vc_custom_1478168276850{padding-top: 0px !important;}&#8221;]<div  class=\"heading-wrapper text-center\"  >\n\t\n\t<h3 class=\"second-title text-center\">THE EPIC OF CHARLEMAGNE<\/h3>\n\n\t\n\t\n\t\t\t<p class=\"subtitle\">A 90-minute documentary written by Emanuele Arioli<\/p>\n\t<\/div>\t\n\n[vc_empty_space height=&#8221;30px&#8221; el_class=&#8221;arg-spacer&#8221;][vc_raw_html]JTNDYSUyMGhyZWYlM0QlMjJodHRwcyUzQSUyRiUyRnd3dy5mb2xhbW91ci5mciUyRmVuJTJGMjAyMyUyRjA5JTJGMjYlMkZ0aGUtZXBpYy1vZi1jaGFybGVtYWduZSUyRiUyMiUzRSUwQSUzQ2RpdiUyMHN0eWxlJTNEJTIyYmFja2dyb3VuZC1pbWFnZSUyMCUzQSUyMHVybCUyOCUyN2h0dHBzJTNBJTJGJTJGd3d3LmZvbGFtb3VyLmZyJTJGd3AtY29udGVudCUyRnVwbG9hZHMlMkYyMDIzJTJGMDklMkZEZXNpZ24tc2Fucy10aXRyZS0xLTEwMjR4NTc2LnBuZyUyNyUyOSUzQiUyMGJhY2tncm91bmQtc2l6ZSUzQSUyMGNvdmVyJTNCJTIwd2lkdGglMjAlM0ElMjAxMDAlMjUlM0IlMjBoZWlnaHQlMjAlM0ElMjA1MDBweCUzQiUyMGJhY2tncm91bmQtcG9zaXRpb24lM0ElMjBjZW50ZXIlM0IlMjIlM0UlMjAlMjAlM0MlMkZkaXYlM0UlMEElM0MlMkZhJTNFJTBB[\/vc_raw_html][vc_empty_space height=&#8221;30px&#8221; el_class=&#8221;arg-spacer&#8221;]<div  class=\"heading-wrapper text-center\"  >\n\t\n\t<h3 class=\"second-title text-center\"><\/h3>\n\n\t\n\t\n\t\t\t<p class=\"subtitle\"><\/p>\n\t<\/div>\t\n\n[vc_empty_space height=&#8221;30px&#8221; el_class=&#8221;arg-spacer&#8221;]<div  class=\"heading-wrapper text-center\"  >\n\t\n\t<h3 class=\"second-title text-center\">ONCE UPON A TIME... THE BEASTS<\/h3>\n\n\t\n\t\n\t\t\t<p class=\"subtitle\">A documentary directed by Pierre-Olivier Fran\u00e7ois<\/p>\n\t<\/div>\t\n\n[vc_empty_space height=&#8221;30px&#8221; el_class=&#8221;arg-spacer&#8221;][vc_raw_html]JTNDYSUyMGhyZWYlM0QlMjJodHRwcyUzQSUyRiUyRnd3dy5mb2xhbW91ci5mciUyRmVuJTJGMjAyNSUyRjAxJTJGMjIlMkZvbmNlLXVwb24tYS10aW1lLXRoZS1iZWFzdHMlMkYlMjIlM0UlMEElM0NkaXYlMjBzdHlsZSUzRCUyMmJhY2tncm91bmQtaW1hZ2UlMjAlM0ElMjB1cmwlMjglMjdodHRwcyUzQSUyRiUyRnd3dy5mb2xhbW91ci5mciUyRndwLWNvbnRlbnQlMkZ1cGxvYWRzJTJGMjAyNSUyRjAxJTJGMjc0MTM4Ny5qcGctcl8xOTIwXzEwODAtZl9qcGctcV94LXh4eXh4LmpwZyUyNyUyOSUzQiUyMGJhY2tncm91bmQtc2l6ZSUzQSUyMGNvdmVyJTNCJTIwd2lkdGglMjAlM0ElMjAxMDAlMjUlM0IlMjBoZWlnaHQlMjAlM0ElMjA1MDBweCUzQiUyMGJhY2tncm91bmQtcG9zaXRpb24lM0ElMjBjZW50ZXIlM0IlMjIlM0UlMjAlMjAlM0MlMkZkaXYlM0UlMEElM0MlMkZhJTNFJTBB[\/vc_raw_html][vc_empty_space height=&#8221;30px&#8221; el_class=&#8221;arg-spacer&#8221;][\/vc_column][\/vc_row][vc_row][vc_column]<div id=\"argenta-custom-69ef487f07a4b\"  class=\"heading-wrapper text-center\"  >\n\t\n\t<h3 class=\"second-title text-center\">Come and meet us !<\/h3>\n\n\t\n\t\t<div class=\"divider-solid\"><div class=\"divider-line\"><\/div><\/div>\t\n\t\t\t<p class=\"subtitle\"><\/p>\n\t<\/div>\t\n\n[vc_empty_space height=&#8221;20px&#8221;][\/vc_column][\/vc_row][vc_row equal_height=&#8221;yes&#8221; css=&#8221;.vc_custom_1555491489048{background-color: #f3f3f3 !important;}&#8221;][vc_column width=&#8221;1\/2&#8243; css=&#8221;.vc_custom_1555487711267{padding-top: 0px !important;}&#8221; el_class=&#8221;phone-empty-block&#8221;]<div class=\"google-maps\" id=\"argenta-custom-69ef487f07e30\" data-google-map=\"true\" data-google-map-zoom=\"16\"\n\tdata-google-map-zoom-enable=\"1\" data-google-map-marker=\"\" data-google-map-style=\"default\">\n\t<div class=\"google-maps-wrap\"><\/div>\n\t<div class=\"hidden\" data-google-map-markers=\"true\">48.8562126159668,2.387225866317749<\/div>\n<\/div>\n\n[\/vc_column][vc_column width=&#8221;1\/2&#8243; css=&#8221;.vc_custom_1555487783760{border-right-width: 2px !important;padding-top: 0px !important;padding-right: 12% !important;padding-bottom: 0px !important;padding-left: 12% !important;background-color: #f3f3f3 !important;border-right-color: #ffffff !important;border-right-style: solid !important;}&#8221;][vc_empty_space height=&#8221;90px&#8221; el_class=&#8221;arg-spacer&#8221;]<div id=\"argenta-custom-69ef487f07f34\"  class=\"heading-wrapper text-left\"  >\n\t\t\t<p class=\"subtitle\">A project ?<\/p>\n\t\n\t<h3 class=\"second-title text-left\">Let's talk about it !<\/h3>\n\n\t\n\t\n\t<\/div>\t\n\n[vc_empty_space height=&#8221;20px&#8221;]\t<ul class=\"list-box-icon contact-module list-box-border-items-offset\">\n\t\n\t\t<li id=\"argenta-custom-69ef487f080e7\">\n\n\t<span class=\"icon my-icon-gen-home\"><\/span>\n\t\t<h4 class=\"title\">Address :<\/h4>\n\t\t<address>3, PASSAGE GUSTAVE LEPEU 75011 PARIS<\/address>\t\n\n<\/li>\n\n<li id=\"argenta-custom-69ef487f0821d\">\n\n\t<span class=\"icon my-icon-ema-email\"><\/span>\n\t\t<h4 class=\"title\">E-mail :<\/h4>\n\t\t<address>contact@folamour.fr<\/address>\t\n\n<\/li>\n\n<li id=\"argenta-custom-69ef487f08291\">\n\n\t<span class=\"icon my-icon-tel-fixed-handset\"><\/span>\n\t\t<h4 class=\"title\">Phone number:<\/h4>\n\t\t<address>+33 1 40 33 33 80<\/address>\t\n\n<\/li>\n\n\n\t<\/ul>[vc_empty_space height=&#8221;90px&#8221; el_class=&#8221;arg-spacer&#8221;][\/vc_column][\/vc_row][vc_row equal_height=&#8221;yes&#8221; css=&#8221;.vc_custom_1555492053960{margin-bottom: 20px !important;}&#8221;][vc_column width=&#8221;1\/2&#8243; css=&#8221;.vc_custom_1555491553674{padding-top: 0px !important;padding-right: 12% !important;padding-left: 12% !important;}&#8221; el_class=&#8221;phone-empty-block&#8221;][vc_empty_space height=&#8221;90px&#8221; el_class=&#8221;arg-spacer&#8221;]<div id=\"argenta-custom-69ef487f082f8\"  class=\"heading-wrapper text-left\"  >\n\t\t\t<p class=\"subtitle\">A project ?<\/p>\n\t\n\t<h3 class=\"second-title text-left\">Contact us<\/h3>\n\n\t\n\t\n\t<\/div>\t\n\n[vc_empty_space height=&#8221;20px&#8221;]<div class=\"contact-form text-left\" data-button-classes=\"\" id=\"argenta-custom-69ef487f08377\"  >\n\n\t\n<div class=\"wpcf7 no-js\" id=\"wpcf7-f6-o1\" lang=\"fr-FR\" dir=\"ltr\" data-wpcf7-id=\"6\">\n<div class=\"screen-reader-response\"><p role=\"status\" aria-live=\"polite\" aria-atomic=\"true\"><\/p> <ul><\/ul><\/div>\n<form action=\"\/en\/wp-json\/wp\/v2\/pages\/7990#wpcf7-f6-o1\" method=\"post\" class=\"wpcf7-form init\" aria-label=\"Formulaire de contact\" novalidate=\"novalidate\" data-status=\"init\">\n<fieldset class=\"hidden-fields-container\"><input type=\"hidden\" name=\"_wpcf7\" value=\"6\" \/><input type=\"hidden\" name=\"_wpcf7_version\" value=\"6.1.5\" \/><input type=\"hidden\" name=\"_wpcf7_locale\" value=\"fr_FR\" \/><input type=\"hidden\" name=\"_wpcf7_unit_tag\" value=\"wpcf7-f6-o1\" \/><input type=\"hidden\" name=\"_wpcf7_container_post\" value=\"0\" \/><input type=\"hidden\" name=\"_wpcf7_posted_data_hash\" value=\"\" \/><input type=\"hidden\" name=\"_wpcf7_recaptcha_response\" value=\"\" \/>\n<\/fieldset>\n<p><label> Your Name (required)<br \/>\n<span class=\"wpcf7-form-control-wrap\" data-name=\"your-name\"><input size=\"40\" maxlength=\"400\" class=\"wpcf7-form-control wpcf7-text wpcf7-validates-as-required\" aria-required=\"true\" aria-invalid=\"false\" value=\"\" type=\"text\" name=\"your-name\" \/><\/span> <\/label>\n<\/p>\n<p><label> Your Email (required)<br \/>\n<span class=\"wpcf7-form-control-wrap\" data-name=\"your-email\"><input size=\"40\" maxlength=\"400\" class=\"wpcf7-form-control wpcf7-email wpcf7-validates-as-required wpcf7-text wpcf7-validates-as-email\" aria-required=\"true\" aria-invalid=\"false\" value=\"\" type=\"email\" name=\"your-email\" \/><\/span> <\/label>\n<\/p>\n<p><label> Subject<br \/>\n<span class=\"wpcf7-form-control-wrap\" data-name=\"your-subject\"><input size=\"40\" maxlength=\"400\" class=\"wpcf7-form-control wpcf7-text\" aria-invalid=\"false\" value=\"\" type=\"text\" name=\"your-subject\" \/><\/span> <\/label>\n<\/p>\n<p><label> Your Message<br \/>\n<span class=\"wpcf7-form-control-wrap\" data-name=\"your-message\"><textarea cols=\"40\" rows=\"10\" maxlength=\"2000\" class=\"wpcf7-form-control wpcf7-textarea\" aria-invalid=\"false\" name=\"your-message\"><\/textarea><\/span> <\/label>\n<\/p>\n<p><input class=\"wpcf7-form-control wpcf7-submit has-spinner\" type=\"submit\" value=\"Send\" \/>\n<\/p><div class=\"wpcf7-response-output\" aria-hidden=\"true\"><\/div>\n<\/form>\n<\/div>\n\n<\/div>\n\n[vc_empty_space height=&#8221;90px&#8221; el_class=&#8221;arg-spacer&#8221;][\/vc_column][vc_column width=&#8221;1\/2&#8243; css=&#8221;.vc_custom_1680705365334{border-right-width: 2px !important;padding-top: 0px !important;padding-right: 12% !important;padding-bottom: 0px !important;padding-left: 12% !important;background: #f3f3f3 url(https:\/\/www.folamour.fr\/wp-content\/uploads\/2022\/06\/IMG_2589-scaled.jpg?id=11012) !important;background-position: center !important;background-repeat: no-repeat !important;background-size: cover !important;border-right-color: #ffffff !important;border-right-style: solid !important;}&#8221;][\/vc_column][\/vc_row]\n","protected":false},"excerpt":{"rendered":"<p>[vc_row full_width=&#8221;stretch_row&#8221; css=&#8221;.vc_custom_1550500095215{margin-top: 110px !important;background-color: #f3f3f3 !important;}&#8221;][vc_column css=&#8221;.vc_custom_1478168276850{padding-top: 0px !important;}&#8221;][vc_empty_space height=&#8221;30px&#8221; el_class=&#8221;arg-spacer&#8221;][vc_raw_html]JTNDYSUyMGhyZWYlM0QlMjJodHRwcyUzQSUyRiUyRnd3dy5mb2xhbW91ci5mciUyRmVuJTJGMjAyMyUyRjA5JTJGMjYlMkZ0aGUtZXBpYy1vZi1jaGFybGVtYWduZSUyRiUyMiUzRSUwQSUzQ2RpdiUyMHN0eWxlJTNEJTIyYmFja2dyb3VuZC1pbWFnZSUyMCUzQSUyMHVybCUyOCUyN2h0dHBzJTNBJTJGJTJGd3d3LmZvbGFtb3VyLmZyJTJGd3AtY29udGVudCUyRnVwbG9hZHMlMkYyMDIzJTJGMDklMkZEZXNpZ24tc2Fucy10aXRyZS0xLTEwMjR4NTc2LnBuZyUyNyUyOSUzQiUyMGJhY2tncm91bmQtc2l6ZSUzQSUyMGNvdmVyJTNCJTIwd2lkdGglMjAlM0ElMjAxMDAlMjUlM0IlMjBoZWlnaHQlMjAlM0ElMjA1MDBweCUzQiUyMGJhY2tncm91bmQtcG9zaXRpb24lM0ElMjBjZW50ZXIlM0IlMjIlM0UlMjAlMjAlM0MlMkZkaXYlM0UlMEElM0MlMkZhJTNFJTBB[\/vc_raw_html][vc_empty_space height=&#8221;30px&#8221; el_class=&#8221;arg-spacer&#8221;][vc_empty_space height=&#8221;30px&#8221; el_class=&#8221;arg-spacer&#8221;][vc_empty_space height=&#8221;30px&#8221; el_class=&#8221;arg-spacer&#8221;][vc_raw_html]JTNDYSUyMGhyZWYlM0QlMjJodHRwcyUzQSUyRiUyRnd3dy5mb2xhbW91ci5mciUyRmVuJTJGMjAyNSUyRjAxJTJGMjIlMkZvbmNlLXVwb24tYS10aW1lLXRoZS1iZWFzdHMlMkYlMjIlM0UlMEElM0NkaXYlMjBzdHlsZSUzRCUyMmJhY2tncm91bmQtaW1hZ2UlMjAlM0ElMjB1cmwlMjglMjdodHRwcyUzQSUyRiUyRnd3dy5mb2xhbW91ci5mciUyRndwLWNvbnRlbnQlMkZ1cGxvYWRzJTJGMjAyNSUyRjAxJTJGMjc0MTM4Ny5qcGctcl8xOTIwXzEwODAtZl9qcGctcV94LXh4eXh4LmpwZyUyNyUyOSUzQiUyMGJhY2tncm91bmQtc2l6ZSUzQSUyMGNvdmVyJTNCJTIwd2lkdGglMjAlM0ElMjAxMDAlMjUlM0IlMjBoZWlnaHQlMjAlM0ElMjA1MDBweCUzQiUyMGJhY2tncm91bmQtcG9zaXRpb24lM0ElMjBjZW50ZXIlM0IlMjIlM0UlMjAlMjAlM0MlMkZkaXYlM0UlMEElM0MlMkZhJTNFJTBB[\/vc_raw_html][vc_empty_space height=&#8221;30px&#8221; el_class=&#8221;arg-spacer&#8221;][\/vc_column][\/vc_row][vc_row][vc_column][vc_empty_space height=&#8221;20px&#8221;][\/vc_column][\/vc_row][vc_row equal_height=&#8221;yes&#8221; css=&#8221;.vc_custom_1555491489048{background-color: #f3f3f3 !important;}&#8221;][vc_column width=&#8221;1\/2&#8243; css=&#8221;.vc_custom_1555487711267{padding-top: 0px !important;}&#8221; el_class=&#8221;phone-empty-block&#8221;][\/vc_column][vc_column width=&#8221;1\/2&#8243; css=&#8221;.vc_custom_1555487783760{border-right-width: 2px !important;padding-top: 0px !important;padding-right: 12% !important;padding-bottom: 0px !important;padding-left: 12% !important;background-color: #f3f3f3 !important;border-right-color: #ffffff !important;border-right-style: solid !important;}&#8221;][vc_empty_space height=&#8221;90px&#8221; el_class=&#8221;arg-spacer&#8221;][vc_empty_space height=&#8221;20px&#8221;][vc_empty_space height=&#8221;90px&#8221; el_class=&#8221;arg-spacer&#8221;][\/vc_column][\/vc_row][vc_row equal_height=&#8221;yes&#8221; css=&#8221;.vc_custom_1555492053960{margin-bottom: [&hellip;]<\/p>\n","protected":false},"author":2,"featured_media":0,"parent":0,"menu_order":0,"comment_status":"closed","ping_status":"closed","template":"page-templates\/page_without-sidebar.php","meta":{"_acf_changed":false,"footnotes":""},"class_list":["post-7990","page","type-page","status-publish","hentry"],"acf":[],"yoast_head":"<!-- This site is optimized with the Yoast SEO plugin v27.4 - https:\/\/yoast.com\/product\/yoast-seo-wordpress\/ -->\n<title>Upcoming films - Folamour Productions<\/title>\n<meta name=\"robots\" content=\"index, follow, max-snippet:-1, max-image-preview:large, max-video-preview:-1\" \/>\n<link rel=\"canonical\" href=\"https:\/\/www.folamour.fr\/en\/in-progress\/\" \/>\n<meta property=\"og:locale\" content=\"en_US\" \/>\n<meta property=\"og:type\" content=\"article\" \/>\n<meta property=\"og:title\" content=\"Upcoming films - Folamour Productions\" \/>\n<meta property=\"og:description\" content=\"[vc_row full_width=&#8221;stretch_row&#8221; css=&#8221;.vc_custom_1550500095215{margin-top: 110px !important;background-color: #f3f3f3 !important;}&#8221;][vc_column css=&#8221;.vc_custom_1478168276850{padding-top: 0px !important;}&#8221;][vc_empty_space height=&#8221;30px&#8221; el_class=&#8221;arg-spacer&#8221;][vc_raw_html]JTNDYSUyMGhyZWYlM0QlMjJodHRwcyUzQSUyRiUyRnd3dy5mb2xhbW91ci5mciUyRmVuJTJGMjAyMyUyRjA5JTJGMjYlMkZ0aGUtZXBpYy1vZi1jaGFybGVtYWduZSUyRiUyMiUzRSUwQSUzQ2RpdiUyMHN0eWxlJTNEJTIyYmFja2dyb3VuZC1pbWFnZSUyMCUzQSUyMHVybCUyOCUyN2h0dHBzJTNBJTJGJTJGd3d3LmZvbGFtb3VyLmZyJTJGd3AtY29udGVudCUyRnVwbG9hZHMlMkYyMDIzJTJGMDklMkZEZXNpZ24tc2Fucy10aXRyZS0xLTEwMjR4NTc2LnBuZyUyNyUyOSUzQiUyMGJhY2tncm91bmQtc2l6ZSUzQSUyMGNvdmVyJTNCJTIwd2lkdGglMjAlM0ElMjAxMDAlMjUlM0IlMjBoZWlnaHQlMjAlM0ElMjA1MDBweCUzQiUyMGJhY2tncm91bmQtcG9zaXRpb24lM0ElMjBjZW50ZXIlM0IlMjIlM0UlMjAlMjAlM0MlMkZkaXYlM0UlMEElM0MlMkZhJTNFJTBB[\/vc_raw_html][vc_empty_space height=&#8221;30px&#8221; el_class=&#8221;arg-spacer&#8221;][vc_empty_space height=&#8221;30px&#8221; el_class=&#8221;arg-spacer&#8221;][vc_empty_space height=&#8221;30px&#8221; el_class=&#8221;arg-spacer&#8221;][vc_raw_html]JTNDYSUyMGhyZWYlM0QlMjJodHRwcyUzQSUyRiUyRnd3dy5mb2xhbW91ci5mciUyRmVuJTJGMjAyNSUyRjAxJTJGMjIlMkZvbmNlLXVwb24tYS10aW1lLXRoZS1iZWFzdHMlMkYlMjIlM0UlMEElM0NkaXYlMjBzdHlsZSUzRCUyMmJhY2tncm91bmQtaW1hZ2UlMjAlM0ElMjB1cmwlMjglMjdodHRwcyUzQSUyRiUyRnd3dy5mb2xhbW91ci5mciUyRndwLWNvbnRlbnQlMkZ1cGxvYWRzJTJGMjAyNSUyRjAxJTJGMjc0MTM4Ny5qcGctcl8xOTIwXzEwODAtZl9qcGctcV94LXh4eXh4LmpwZyUyNyUyOSUzQiUyMGJhY2tncm91bmQtc2l6ZSUzQSUyMGNvdmVyJTNCJTIwd2lkdGglMjAlM0ElMjAxMDAlMjUlM0IlMjBoZWlnaHQlMjAlM0ElMjA1MDBweCUzQiUyMGJhY2tncm91bmQtcG9zaXRpb24lM0ElMjBjZW50ZXIlM0IlMjIlM0UlMjAlMjAlM0MlMkZkaXYlM0UlMEElM0MlMkZhJTNFJTBB[\/vc_raw_html][vc_empty_space height=&#8221;30px&#8221; el_class=&#8221;arg-spacer&#8221;][\/vc_column][\/vc_row][vc_row][vc_column][vc_empty_space height=&#8221;20px&#8221;][\/vc_column][\/vc_row][vc_row equal_height=&#8221;yes&#8221; css=&#8221;.vc_custom_1555491489048{background-color: #f3f3f3 !important;}&#8221;][vc_column width=&#8221;1\/2&#8243; css=&#8221;.vc_custom_1555487711267{padding-top: 0px !important;}&#8221; el_class=&#8221;phone-empty-block&#8221;][\/vc_column][vc_column width=&#8221;1\/2&#8243; css=&#8221;.vc_custom_1555487783760{border-right-width: 2px !important;padding-top: 0px !important;padding-right: 12% !important;padding-bottom: 0px !important;padding-left: 12% !important;background-color: #f3f3f3 !important;border-right-color: #ffffff !important;border-right-style: solid !important;}&#8221;][vc_empty_space height=&#8221;90px&#8221; el_class=&#8221;arg-spacer&#8221;][vc_empty_space height=&#8221;20px&#8221;][vc_empty_space height=&#8221;90px&#8221; el_class=&#8221;arg-spacer&#8221;][\/vc_column][\/vc_row][vc_row equal_height=&#8221;yes&#8221; css=&#8221;.vc_custom_1555492053960{margin-bottom: [&hellip;]\" \/>\n<meta property=\"og:url\" content=\"https:\/\/www.folamour.fr\/en\/in-progress\/\" \/>\n<meta property=\"og:site_name\" content=\"Folamour Productions\" \/>\n<meta property=\"article:modified_time\" content=\"2025-01-22T14:22:53+00:00\" \/>\n<meta name=\"twitter:card\" content=\"summary_large_image\" \/>\n<meta name=\"twitter:label1\" content=\"Est. reading time\" \/>\n\t<meta name=\"twitter:data1\" content=\"2 minutes\" \/>\n<script type=\"application\/ld+json\" class=\"yoast-schema-graph\">{\"@context\":\"https:\\\/\\\/schema.org\",\"@graph\":[{\"@type\":\"WebPage\",\"@id\":\"https:\\\/\\\/www.folamour.fr\\\/en\\\/in-progress\\\/\",\"url\":\"https:\\\/\\\/www.folamour.fr\\\/en\\\/in-progress\\\/\",\"name\":\"Upcoming films - Folamour Productions\",\"isPartOf\":{\"@id\":\"https:\\\/\\\/www.folamour.fr\\\/en\\\/#website\"},\"datePublished\":\"2019-02-18T14:29:28+00:00\",\"dateModified\":\"2025-01-22T14:22:53+00:00\",\"breadcrumb\":{\"@id\":\"https:\\\/\\\/www.folamour.fr\\\/en\\\/in-progress\\\/#breadcrumb\"},\"inLanguage\":\"en-US\",\"potentialAction\":[{\"@type\":\"ReadAction\",\"target\":[\"https:\\\/\\\/www.folamour.fr\\\/en\\\/in-progress\\\/\"]}]},{\"@type\":\"BreadcrumbList\",\"@id\":\"https:\\\/\\\/www.folamour.fr\\\/en\\\/in-progress\\\/#breadcrumb\",\"itemListElement\":[{\"@type\":\"ListItem\",\"position\":1,\"name\":\"Accueil\",\"item\":\"https:\\\/\\\/www.folamour.fr\\\/en\\\/\"},{\"@type\":\"ListItem\",\"position\":2,\"name\":\"Upcoming films\"}]},{\"@type\":\"WebSite\",\"@id\":\"https:\\\/\\\/www.folamour.fr\\\/en\\\/#website\",\"url\":\"https:\\\/\\\/www.folamour.fr\\\/en\\\/\",\"name\":\"Folamour Productions\",\"description\":\"Soci\u00e9t\u00e9 de productions audiovisuelles et cin\u00e9matographique\",\"potentialAction\":[{\"@type\":\"SearchAction\",\"target\":{\"@type\":\"EntryPoint\",\"urlTemplate\":\"https:\\\/\\\/www.folamour.fr\\\/en\\\/?s={search_term_string}\"},\"query-input\":{\"@type\":\"PropertyValueSpecification\",\"valueRequired\":true,\"valueName\":\"search_term_string\"}}],\"inLanguage\":\"en-US\"}]}<\/script>\n<!-- \/ Yoast SEO plugin. -->","yoast_head_json":{"title":"Upcoming films - Folamour Productions","robots":{"index":"index","follow":"follow","max-snippet":"max-snippet:-1","max-image-preview":"max-image-preview:large","max-video-preview":"max-video-preview:-1"},"canonical":"https:\/\/www.folamour.fr\/en\/in-progress\/","og_locale":"en_US","og_type":"article","og_title":"Upcoming films - Folamour Productions","og_description":"[vc_row full_width=&#8221;stretch_row&#8221; css=&#8221;.vc_custom_1550500095215{margin-top: 110px !important;background-color: #f3f3f3 !important;}&#8221;][vc_column css=&#8221;.vc_custom_1478168276850{padding-top: 0px !important;}&#8221;][vc_empty_space height=&#8221;30px&#8221; el_class=&#8221;arg-spacer&#8221;][vc_raw_html]JTNDYSUyMGhyZWYlM0QlMjJodHRwcyUzQSUyRiUyRnd3dy5mb2xhbW91ci5mciUyRmVuJTJGMjAyMyUyRjA5JTJGMjYlMkZ0aGUtZXBpYy1vZi1jaGFybGVtYWduZSUyRiUyMiUzRSUwQSUzQ2RpdiUyMHN0eWxlJTNEJTIyYmFja2dyb3VuZC1pbWFnZSUyMCUzQSUyMHVybCUyOCUyN2h0dHBzJTNBJTJGJTJGd3d3LmZvbGFtb3VyLmZyJTJGd3AtY29udGVudCUyRnVwbG9hZHMlMkYyMDIzJTJGMDklMkZEZXNpZ24tc2Fucy10aXRyZS0xLTEwMjR4NTc2LnBuZyUyNyUyOSUzQiUyMGJhY2tncm91bmQtc2l6ZSUzQSUyMGNvdmVyJTNCJTIwd2lkdGglMjAlM0ElMjAxMDAlMjUlM0IlMjBoZWlnaHQlMjAlM0ElMjA1MDBweCUzQiUyMGJhY2tncm91bmQtcG9zaXRpb24lM0ElMjBjZW50ZXIlM0IlMjIlM0UlMjAlMjAlM0MlMkZkaXYlM0UlMEElM0MlMkZhJTNFJTBB[\/vc_raw_html][vc_empty_space height=&#8221;30px&#8221; el_class=&#8221;arg-spacer&#8221;][vc_empty_space height=&#8221;30px&#8221; el_class=&#8221;arg-spacer&#8221;][vc_empty_space height=&#8221;30px&#8221; el_class=&#8221;arg-spacer&#8221;][vc_raw_html]JTNDYSUyMGhyZWYlM0QlMjJodHRwcyUzQSUyRiUyRnd3dy5mb2xhbW91ci5mciUyRmVuJTJGMjAyNSUyRjAxJTJGMjIlMkZvbmNlLXVwb24tYS10aW1lLXRoZS1iZWFzdHMlMkYlMjIlM0UlMEElM0NkaXYlMjBzdHlsZSUzRCUyMmJhY2tncm91bmQtaW1hZ2UlMjAlM0ElMjB1cmwlMjglMjdodHRwcyUzQSUyRiUyRnd3dy5mb2xhbW91ci5mciUyRndwLWNvbnRlbnQlMkZ1cGxvYWRzJTJGMjAyNSUyRjAxJTJGMjc0MTM4Ny5qcGctcl8xOTIwXzEwODAtZl9qcGctcV94LXh4eXh4LmpwZyUyNyUyOSUzQiUyMGJhY2tncm91bmQtc2l6ZSUzQSUyMGNvdmVyJTNCJTIwd2lkdGglMjAlM0ElMjAxMDAlMjUlM0IlMjBoZWlnaHQlMjAlM0ElMjA1MDBweCUzQiUyMGJhY2tncm91bmQtcG9zaXRpb24lM0ElMjBjZW50ZXIlM0IlMjIlM0UlMjAlMjAlM0MlMkZkaXYlM0UlMEElM0MlMkZhJTNFJTBB[\/vc_raw_html][vc_empty_space height=&#8221;30px&#8221; el_class=&#8221;arg-spacer&#8221;][\/vc_column][\/vc_row][vc_row][vc_column][vc_empty_space height=&#8221;20px&#8221;][\/vc_column][\/vc_row][vc_row equal_height=&#8221;yes&#8221; css=&#8221;.vc_custom_1555491489048{background-color: #f3f3f3 !important;}&#8221;][vc_column width=&#8221;1\/2&#8243; css=&#8221;.vc_custom_1555487711267{padding-top: 0px !important;}&#8221; el_class=&#8221;phone-empty-block&#8221;][\/vc_column][vc_column width=&#8221;1\/2&#8243; css=&#8221;.vc_custom_1555487783760{border-right-width: 2px !important;padding-top: 0px !important;padding-right: 12% !important;padding-bottom: 0px !important;padding-left: 12% !important;background-color: #f3f3f3 !important;border-right-color: #ffffff !important;border-right-style: solid !important;}&#8221;][vc_empty_space height=&#8221;90px&#8221; el_class=&#8221;arg-spacer&#8221;][vc_empty_space height=&#8221;20px&#8221;][vc_empty_space height=&#8221;90px&#8221; el_class=&#8221;arg-spacer&#8221;][\/vc_column][\/vc_row][vc_row equal_height=&#8221;yes&#8221; css=&#8221;.vc_custom_1555492053960{margin-bottom: [&hellip;]","og_url":"https:\/\/www.folamour.fr\/en\/in-progress\/","og_site_name":"Folamour Productions","article_modified_time":"2025-01-22T14:22:53+00:00","twitter_card":"summary_large_image","twitter_misc":{"Est. reading time":"2 minutes"},"schema":{"@context":"https:\/\/schema.org","@graph":[{"@type":"WebPage","@id":"https:\/\/www.folamour.fr\/en\/in-progress\/","url":"https:\/\/www.folamour.fr\/en\/in-progress\/","name":"Upcoming films - Folamour Productions","isPartOf":{"@id":"https:\/\/www.folamour.fr\/en\/#website"},"datePublished":"2019-02-18T14:29:28+00:00","dateModified":"2025-01-22T14:22:53+00:00","breadcrumb":{"@id":"https:\/\/www.folamour.fr\/en\/in-progress\/#breadcrumb"},"inLanguage":"en-US","potentialAction":[{"@type":"ReadAction","target":["https:\/\/www.folamour.fr\/en\/in-progress\/"]}]},{"@type":"BreadcrumbList","@id":"https:\/\/www.folamour.fr\/en\/in-progress\/#breadcrumb","itemListElement":[{"@type":"ListItem","position":1,"name":"Accueil","item":"https:\/\/www.folamour.fr\/en\/"},{"@type":"ListItem","position":2,"name":"Upcoming films"}]},{"@type":"WebSite","@id":"https:\/\/www.folamour.fr\/en\/#website","url":"https:\/\/www.folamour.fr\/en\/","name":"Folamour Productions","description":"Soci\u00e9t\u00e9 de productions audiovisuelles et cin\u00e9matographique","potentialAction":[{"@type":"SearchAction","target":{"@type":"EntryPoint","urlTemplate":"https:\/\/www.folamour.fr\/en\/?s={search_term_string}"},"query-input":{"@type":"PropertyValueSpecification","valueRequired":true,"valueName":"search_term_string"}}],"inLanguage":"en-US"}]}},"_links":{"self":[{"href":"https:\/\/www.folamour.fr\/en\/wp-json\/wp\/v2\/pages\/7990","targetHints":{"allow":["GET"]}}],"collection":[{"href":"https:\/\/www.folamour.fr\/en\/wp-json\/wp\/v2\/pages"}],"about":[{"href":"https:\/\/www.folamour.fr\/en\/wp-json\/wp\/v2\/types\/page"}],"author":[{"embeddable":true,"href":"https:\/\/www.folamour.fr\/en\/wp-json\/wp\/v2\/users\/2"}],"replies":[{"embeddable":true,"href":"https:\/\/www.folamour.fr\/en\/wp-json\/wp\/v2\/comments?post=7990"}],"version-history":[{"count":5,"href":"https:\/\/www.folamour.fr\/en\/wp-json\/wp\/v2\/pages\/7990\/revisions"}],"predecessor-version":[{"id":11701,"href":"https:\/\/www.folamour.fr\/en\/wp-json\/wp\/v2\/pages\/7990\/revisions\/11701"}],"wp:attachment":[{"href":"https:\/\/www.folamour.fr\/en\/wp-json\/wp\/v2\/media?parent=7990"}],"curies":[{"name":"wp","href":"https:\/\/api.w.org\/{rel}","templated":true}]}}